{"id":992,"date":"2020-03-27T17:15:04","date_gmt":"2020-03-27T16:15:04","guid":{"rendered":"http:\/\/biljana.photography\/?page_id=992"},"modified":"2020-03-27T17:21:41","modified_gmt":"2020-03-27T16:21:41","slug":"crno-bela-fotografija","status":"publish","type":"page","link":"https:\/\/biljana.photography\/en\/crno-bela-fotografija\/","title":{"rendered":"Crno-bela fotografija"},"content":{"rendered":"<h2><span style=\"color: #000000;\">Crno-bela fotografija je umetnost kori\u0161c\u0301enja razli\u010ditih tonova sive boje, u rasponu od bele do crne, za stvaranje upe\u010datljivih slika. Ovaj \u017eanr ima veoma dugu istoriju &#8211; koliko i sama fotografija.<\/span><\/h2>\n<h3>Postoji ne\u0161to posebno privla\u010dno u dobroj crno-beloj fotografiji. Ima bezvremenski kvalitet. Crno-bela fotografija mo\u017ee biti posebno upe\u010datljiva i zadivljujuc\u0301a.<\/h3>\n<h3>Ona uklanja bilo kakvu distrakciju boja i poma\u017ee posmatra\u010du da se fokusira na druge aspekte fotografije, kao \u0161to su objekat, tekstura, oblici i kompozicija. Dakle, mogu se koristiti sve iste tehnike kompozicije &#8211; kao \u0161to je pravilo trec\u0301ine &#8211; koje se koriste u kolor fotografiji.<\/h3>\nngg_shortcode_0_placeholder","protected":false},"excerpt":{"rendered":"<p>Crno-bela fotografija je umetnost kori\u0161c\u0301enja razli\u010ditih tonova sive boje, u rasponu od bele do crne, za stvaranje upe\u010datljivih slika. Ovaj&hellip;<\/p>","protected":false},"author":1,"featured_media":0,"parent":0,"menu_order":0,"comment_status":"closed","ping_status":"closed","template":"","meta":{"_monsterinsights_skip_tracking":false,"_monsterinsights_sitenote_active":false,"_monsterinsights_sitenote_note":"","_monsterinsights_sitenote_category":0,"ngg_post_thumbnail":0,"footnotes":""},"class_list":["post-992","page","type-page","status-publish","hentry"],"_links":{"self":[{"href":"https:\/\/biljana.photography\/en\/wp-json\/wp\/v2\/pages\/992","targetHints":{"allow":["GET"]}}],"collection":[{"href":"https:\/\/biljana.photography\/en\/wp-json\/wp\/v2\/pages"}],"about":[{"href":"https:\/\/biljana.photography\/en\/wp-json\/wp\/v2\/types\/page"}],"author":[{"embeddable":true,"href":"https:\/\/biljana.photography\/en\/wp-json\/wp\/v2\/users\/1"}],"replies":[{"embeddable":true,"href":"https:\/\/biljana.photography\/en\/wp-json\/wp\/v2\/comments?post=992"}],"version-history":[{"count":2,"href":"https:\/\/biljana.photography\/en\/wp-json\/wp\/v2\/pages\/992\/revisions"}],"predecessor-version":[{"id":994,"href":"https:\/\/biljana.photography\/en\/wp-json\/wp\/v2\/pages\/992\/revisions\/994"}],"wp:attachment":[{"href":"https:\/\/biljana.photography\/en\/wp-json\/wp\/v2\/media?parent=992"}],"curies":[{"name":"wp","href":"https:\/\/api.w.org\/{rel}","templated":true}]}}