{"id":741,"date":"2020-01-04T16:12:13","date_gmt":"2020-01-04T15:12:13","guid":{"rendered":"http:\/\/biljana.photography\/?page_id=741"},"modified":"2020-04-05T14:10:38","modified_gmt":"2020-04-05T12:10:38","slug":"street-fotografija","status":"publish","type":"page","link":"https:\/\/biljana.photography\/en\/street-fotografija\/","title":{"rendered":"Street fotografija"},"content":{"rendered":"<h2><strong><span style=\"color: #000000;\">\u0160ta je street fotografija?<\/span><\/strong><\/h2>\n<h2>Street (uli\u010dna fotografija) je umetni\u010dki i istra\u017eiva\u010dki \u017eanr fotografije, koju karakteri\u0161e ovekove\u010davanje spontanih, slu\u010dajnih susreta i doga\u0111aja u javnom prostoru. Naj\u010de\u0161\u0107i subjekti street fotografije su ljudi i ne podrazumeva samo postojanje ulice ili urbane sredine. Pod ovom vrstom fotografije, podrazumeva se i fotografisanje objekata i sredina koje projektuju ljudski karakter i estetiku.<\/h2>\n<h3>Zbog svega toga, street fotografija jedan je od najizazovnijih \u017eanrova fotografije. Klju\u010dni aspekti ove ve\u0161tine su kadriranje i pravi momenat. Za dokumentovanje ljudi u njihovom svakodnevnom okru\u017eenju potrebno je strpljenje i naporan rad. Street fotografija je sli\u010dna novinskoj fotografiji, koja tako\u0111e nastaje u javnom prostoru, ali \u010diji je cilj fotografisanje doga\u0111aja vrednih pa\u017enje.<\/h3>\nngg_shortcode_0_placeholder","protected":false},"excerpt":{"rendered":"<p>\u0160ta je street fotografija? Street (uli\u010dna fotografija) je umetni\u010dki i istra\u017eiva\u010dki \u017eanr fotografije, koju karakteri\u0161e ovekove\u010davanje spontanih, slu\u010dajnih susreta i&hellip;<\/p>","protected":false},"author":1,"featured_media":0,"parent":0,"menu_order":0,"comment_status":"closed","ping_status":"closed","template":"","meta":{"_monsterinsights_skip_tracking":false,"_monsterinsights_sitenote_active":false,"_monsterinsights_sitenote_note":"","_monsterinsights_sitenote_category":0,"ngg_post_thumbnail":0,"footnotes":""},"class_list":["post-741","page","type-page","status-publish","hentry"],"_links":{"self":[{"href":"https:\/\/biljana.photography\/en\/wp-json\/wp\/v2\/pages\/741","targetHints":{"allow":["GET"]}}],"collection":[{"href":"https:\/\/biljana.photography\/en\/wp-json\/wp\/v2\/pages"}],"about":[{"href":"https:\/\/biljana.photography\/en\/wp-json\/wp\/v2\/types\/page"}],"author":[{"embeddable":true,"href":"https:\/\/biljana.photography\/en\/wp-json\/wp\/v2\/users\/1"}],"replies":[{"embeddable":true,"href":"https:\/\/biljana.photography\/en\/wp-json\/wp\/v2\/comments?post=741"}],"version-history":[{"count":9,"href":"https:\/\/biljana.photography\/en\/wp-json\/wp\/v2\/pages\/741\/revisions"}],"predecessor-version":[{"id":1001,"href":"https:\/\/biljana.photography\/en\/wp-json\/wp\/v2\/pages\/741\/revisions\/1001"}],"wp:attachment":[{"href":"https:\/\/biljana.photography\/en\/wp-json\/wp\/v2\/media?parent=741"}],"curies":[{"name":"wp","href":"https:\/\/api.w.org\/{rel}","templated":true}]}}