{"id":595,"date":"2019-12-19T23:50:36","date_gmt":"2019-12-19T22:50:36","guid":{"rendered":"http:\/\/biljana.photography\/?page_id=595"},"modified":"2020-04-05T14:06:41","modified_gmt":"2020-04-05T12:06:41","slug":"refleksija","status":"publish","type":"page","link":"https:\/\/biljana.photography\/en\/refleksija\/","title":{"rendered":"Refleksija"},"content":{"rendered":"<h2><strong><span style=\"color: #000000;\">\u0160ta je refleksija u fotografiji?<\/span><\/strong><\/h2>\n<h2>Refleksija u fotografiji se naziva jo\u0161 i fotografija u ogledalu jer se koristi povr\u0161ina za refleksiju, odnosno odraz za stvaranje umetni\u010dkog dela.<\/h2>\n<h3>Za ovakvu vrstu fotografije najzanimljivije lokacije za fotografe su jezera, okeani, reke, pa \u010dak i ki\u0161ne kapi koje slu\u017ee za stvaranje brilijantnih fotografija. Manje kori\u0161\u0107eni resursi koji se mogu lako upotrebiti za ovaj tip fotografije su: metal, plo\u010dice, ogledala ili bilo \u0161ta sa pov\u0161inom koja sija.<\/h3>\nngg_shortcode_0_placeholder","protected":false},"excerpt":{"rendered":"<p>\u0160ta je refleksija u fotografiji? Refleksija u fotografiji se naziva jo\u0161 i fotografija u ogledalu jer se koristi povr\u0161ina za&hellip;<\/p>","protected":false},"author":1,"featured_media":0,"parent":0,"menu_order":0,"comment_status":"closed","ping_status":"closed","template":"","meta":{"_monsterinsights_skip_tracking":false,"_monsterinsights_sitenote_active":false,"_monsterinsights_sitenote_note":"","_monsterinsights_sitenote_category":0,"ngg_post_thumbnail":0,"footnotes":""},"class_list":["post-595","page","type-page","status-publish","hentry"],"_links":{"self":[{"href":"https:\/\/biljana.photography\/en\/wp-json\/wp\/v2\/pages\/595","targetHints":{"allow":["GET"]}}],"collection":[{"href":"https:\/\/biljana.photography\/en\/wp-json\/wp\/v2\/pages"}],"about":[{"href":"https:\/\/biljana.photography\/en\/wp-json\/wp\/v2\/types\/page"}],"author":[{"embeddable":true,"href":"https:\/\/biljana.photography\/en\/wp-json\/wp\/v2\/users\/1"}],"replies":[{"embeddable":true,"href":"https:\/\/biljana.photography\/en\/wp-json\/wp\/v2\/comments?post=595"}],"version-history":[{"count":19,"href":"https:\/\/biljana.photography\/en\/wp-json\/wp\/v2\/pages\/595\/revisions"}],"predecessor-version":[{"id":1000,"href":"https:\/\/biljana.photography\/en\/wp-json\/wp\/v2\/pages\/595\/revisions\/1000"}],"wp:attachment":[{"href":"https:\/\/biljana.photography\/en\/wp-json\/wp\/v2\/media?parent=595"}],"curies":[{"name":"wp","href":"https:\/\/api.w.org\/{rel}","templated":true}]}}