{"id":441,"date":"2019-11-16T17:52:39","date_gmt":"2019-11-16T16:52:39","guid":{"rendered":"http:\/\/biljana.photography\/?page_id=441"},"modified":"2020-03-10T20:41:49","modified_gmt":"2020-03-10T19:41:49","slug":"o-meni","status":"publish","type":"page","link":"https:\/\/biljana.photography\/en\/o-meni\/","title":{"rendered":"O meni"},"content":{"rendered":"<p><img decoding=\"async\" class=\"wp-image-383 size-primer-hero aligncenter\" src=\"http:\/\/biljana.photography\/wp-content\/uploads\/2019\/11\/Biljana-Novakovi\u0107-1500x1300.jpg\" alt=\"\" width=\"688\" height=\"596\"><\/p>\n<h3 style=\"text-align: left;\"><strong>Ja sam Biljana Novakovi\u0107.<\/strong><\/h3>\n<p style=\"text-align: left;\">Ro\u0111ena sam po\u010detkom \u201980-tih godina u okolini \u0160ida. Od 2004. godine \u017eivim i radim u Novom Sadu.<\/p>\n<p style=\"text-align: left;\">Fotografijom sam po\u010dela da se bavim iz hobija.<\/p>\n<p style=\"text-align: left;\">Volim planinarenje i boravak u prirodi. Tokom raznoraznih avantura i putovanja, fotografisala sam pejza\u017ee, biljni i \u017eivotinjski svet, kao i razli\u010dite detalje na ulicama.<\/p>\n<h3 style=\"text-align: left;\"><strong>Za mene, fotografija je pri\u010da.<\/strong><\/h3>\n<p><img decoding=\"async\" class=\"aligncenter wp-image-454\" src=\"http:\/\/biljana.photography\/wp-content\/uploads\/2019\/11\/Biljana-trava-300x225.jpg\" alt=\"Bijljana photography - fotograf Biljana Novakovi\u0107\" width=\"750\" height=\"563\" srcset=\"https:\/\/biljana.photography\/wp-content\/uploads\/2019\/11\/Biljana-trava-300x225.jpg 300w, https:\/\/biljana.photography\/wp-content\/uploads\/2019\/11\/Biljana-trava-1024x768.jpg 1024w, https:\/\/biljana.photography\/wp-content\/uploads\/2019\/11\/Biljana-trava-768x576.jpg 768w, https:\/\/biljana.photography\/wp-content\/uploads\/2019\/11\/Biljana-trava.jpg 1200w\" sizes=\"(max-width: 750px) 100vw, 750px\" \/><\/p>\n<p style=\"text-align: left;\">Priroda je velika inspiracija za mene u kojoj moje oko vidi sva\u0161ta.<\/p>\n<p>Kamerom volim da zabele\u017eim promene u prirodi koje se na jednom mestu mogu menjati u trenutku. Naro\u010dito su intenzivne i brze promene na visokom planinama koje me posebno inspiri\u0161u.<\/p>\n<p>U fotografijama koje stvaram najbitnije je da imaju pri\u010du. Za mene fotografija nije komplikovana tehnika, ve\u0107 je stvar ume\u0161nosti, ve\u0107e zainteresovanosti i li\u010dne sposobnosti.<\/p>\n<p><img decoding=\"async\" class=\"aligncenter wp-image-941\" src=\"http:\/\/biljana.photography\/wp-content\/uploads\/2020\/03\/Biljana-Stara-planina-min-919x1024.jpg\" alt=\"Biljana Novakovi\u0107 Foto Pri\u010de\" width=\"600\" height=\"669\" srcset=\"https:\/\/biljana.photography\/wp-content\/uploads\/2020\/03\/Biljana-Stara-planina-min-919x1024.jpg 919w, https:\/\/biljana.photography\/wp-content\/uploads\/2020\/03\/Biljana-Stara-planina-min-269x300.jpg 269w, https:\/\/biljana.photography\/wp-content\/uploads\/2020\/03\/Biljana-Stara-planina-min-768x856.jpg 768w, https:\/\/biljana.photography\/wp-content\/uploads\/2020\/03\/Biljana-Stara-planina-min-1378x1536.jpg 1378w, https:\/\/biljana.photography\/wp-content\/uploads\/2020\/03\/Biljana-Stara-planina-min-1838x2048.jpg 1838w, https:\/\/biljana.photography\/wp-content\/uploads\/2020\/03\/Biljana-Stara-planina-min-1600x1783.jpg 1600w\" sizes=\"(max-width: 600px) 100vw, 600px\" \/><\/p>\n<h3>Kada me ljudi pitaju koju opremu koristim, ka\u017eem im &#8211; svoje o\u010di.<\/h3>\n<p>Kada fotografi\u0161em, ne \u017eurim i dobro posmatram. Posmatranje je osnova za fotografsko izra\u017eavanje i garancija da \u0107u uhvatiti pravi trenutak. Kroz fotografsko gledanje posmatram okolinu, zapa\u017eam kako menjaju svoje oblike pri razli\u010ditoj svetlosti, obra\u0107am pa\u017enju na njihove boje, veli\u010dinu, senke.<\/p>\n<p>Fotografija je jedna od mojih najlep\u0161ih zabava u slobodnim trenucima i sredstvo za izra\u017eavanje skrivenih umetni\u010dkih sklonosti.<\/p>\n<p>Volim da sam \u0161to vi\u0161e u pokretu i svaki slobodan trenutak koristim za istra\u017eivanje novih predela, gde fotografi\u0161em. Zadnjih godina sve vi\u0161e me privla\u010de adrenalinske aktivnosti u stenovitim planinama. Najvi\u0161e me privla\u010de via ferrata i planinarenje gde ima ispenjavanja uz i niz stene.<\/p>\n<p><img decoding=\"async\" class=\"aligncenter wp-image-469\" src=\"http:\/\/biljana.photography\/wp-content\/uploads\/2019\/11\/Via-ferrata-Biljana-225x300.jpg\" alt=\"Fotograf Biljana Novakovi\u0107\" width=\"550\" height=\"733\" srcset=\"https:\/\/biljana.photography\/wp-content\/uploads\/2019\/11\/Via-ferrata-Biljana-225x300.jpg 225w, https:\/\/biljana.photography\/wp-content\/uploads\/2019\/11\/Via-ferrata-Biljana.jpg 700w\" sizes=\"(max-width: 550px) 100vw, 550px\" \/><\/p>\n<p style=\"text-align: center;\"><a class=\"wp-block-button__link\" href=\"\/en\/kontakt\/\">Kontaktirajte me<\/a><\/p>","protected":false},"excerpt":{"rendered":"<p>Ja sam Biljana Novakovi\u0107. Ro\u0111ena sam po\u010detkom \u201980-tih godina u okolini \u0160ida. Od 2004. godine \u017eivim i radim u Novom&hellip;<\/p>","protected":false},"author":1,"featured_media":0,"parent":0,"menu_order":0,"comment_status":"closed","ping_status":"closed","template":"","meta":{"_monsterinsights_skip_tracking":false,"_monsterinsights_sitenote_active":false,"_monsterinsights_sitenote_note":"","_monsterinsights_sitenote_category":0,"ngg_post_thumbnail":0,"footnotes":""},"class_list":["post-441","page","type-page","status-publish","hentry"],"_links":{"self":[{"href":"https:\/\/biljana.photography\/en\/wp-json\/wp\/v2\/pages\/441","targetHints":{"allow":["GET"]}}],"collection":[{"href":"https:\/\/biljana.photography\/en\/wp-json\/wp\/v2\/pages"}],"about":[{"href":"https:\/\/biljana.photography\/en\/wp-json\/wp\/v2\/types\/page"}],"author":[{"embeddable":true,"href":"https:\/\/biljana.photography\/en\/wp-json\/wp\/v2\/users\/1"}],"replies":[{"embeddable":true,"href":"https:\/\/biljana.photography\/en\/wp-json\/wp\/v2\/comments?post=441"}],"version-history":[{"count":23,"href":"https:\/\/biljana.photography\/en\/wp-json\/wp\/v2\/pages\/441\/revisions"}],"predecessor-version":[{"id":943,"href":"https:\/\/biljana.photography\/en\/wp-json\/wp\/v2\/pages\/441\/revisions\/943"}],"wp:attachment":[{"href":"https:\/\/biljana.photography\/en\/wp-json\/wp\/v2\/media?parent=441"}],"curies":[{"name":"wp","href":"https:\/\/api.w.org\/{rel}","templated":true}]}}