{"id":19,"date":"2019-11-01T14:02:01","date_gmt":"2019-11-01T13:02:01","guid":{"rendered":"http:\/\/biljana.photography\/?page_id=19"},"modified":"2025-02-05T13:34:18","modified_gmt":"2025-02-05T12:34:18","slug":"kontakt","status":"publish","type":"page","link":"https:\/\/biljana.photography\/en\/kontakt\/","title":{"rendered":"Kontakt"},"content":{"rendered":"<p>Bi\u0107e mi drago sa vas \u010dujem. Budite slobodni da me kontaktirate i javi\u0107u se \u010dim pre.<\/p>\n\n\n\n<h2 class=\"wp-block-heading\">Kontakt forma<\/h2>\n\n\n\n<p>Polja oble\u017eena&nbsp;*&nbsp;su obavezna<\/p>\n\n\n\n<div style=\"height:20px\" aria-hidden=\"true\" class=\"wp-block-spacer\"><\/div>\n\n\n\n<div class=\"wp-block-coblocks-row coblocks-row-551462210\" data-columns=\"2\" data-layout=\"66-33\"><div class=\"wp-block-coblocks-row__inner has-no-padding has-no-margin is-stacked-on-mobile has-medium-gutter\">\n<div class=\"wp-block-coblocks-column coblocks-column-5514624728\" style=\"width:60.00%\"><div class=\"wp-block-coblocks-column__inner has-no-padding has-no-margin\">\n<\/div><\/div>\n<div class=\"wp-block-coblocks-column coblocks-column-5514624733\" style=\"width:39.00%\"><div class=\"wp-block-coblocks-column__inner has-no-padding has-no-margin\">\n<div class=\"wp-block-contact-widgets-contact-block\">\n<ul class=\"fields\">\n<li class=\"has-label\">\n<div><strong>Email<br><\/strong>\n<p>&nbsp;<\/p>\n<div class=\"contact-email\"><span style=\"color: #0000ff;\"><a style=\"color: #0000ff;\" href=\"mailto:info@biljana.photography\">info@biljana.photography<\/a><\/span><\/div>\n<div><a href=\"mailto:biljana.photostory@gmail.com\"><span style=\"color: #0000ff;\">biljana.photostory@gmail.com<\/span><\/a><\/div>\n<\/div>\n<\/li>\n<li class=\"has-label\">\n<div><strong>Adresa<br><\/strong>\n<p>&nbsp;<\/p>\n<div class=\"address\">21 000 Novi Sad<\/div>\n<\/div>\n<\/li>\n<\/ul>\n<\/div>\n<\/div><\/div>\n<\/div><\/div>","protected":false},"excerpt":{"rendered":"<p>Bi\u0107e mi drago sa vas \u010dujem. Budite slobodni da me kontaktirate i javi\u0107u se \u010dim pre. Kontakt forma Polja oble\u017eena&nbsp;*&nbsp;su&hellip;<\/p>","protected":false},"author":1,"featured_media":0,"parent":0,"menu_order":0,"comment_status":"closed","ping_status":"closed","template":"","meta":{"_monsterinsights_skip_tracking":false,"_monsterinsights_sitenote_active":false,"_monsterinsights_sitenote_note":"","_monsterinsights_sitenote_category":0,"ngg_post_thumbnail":0,"footnotes":""},"class_list":["post-19","page","type-page","status-publish","hentry"],"_links":{"self":[{"href":"https:\/\/biljana.photography\/en\/wp-json\/wp\/v2\/pages\/19","targetHints":{"allow":["GET"]}}],"collection":[{"href":"https:\/\/biljana.photography\/en\/wp-json\/wp\/v2\/pages"}],"about":[{"href":"https:\/\/biljana.photography\/en\/wp-json\/wp\/v2\/types\/page"}],"author":[{"embeddable":true,"href":"https:\/\/biljana.photography\/en\/wp-json\/wp\/v2\/users\/1"}],"replies":[{"embeddable":true,"href":"https:\/\/biljana.photography\/en\/wp-json\/wp\/v2\/comments?post=19"}],"version-history":[{"count":20,"href":"https:\/\/biljana.photography\/en\/wp-json\/wp\/v2\/pages\/19\/revisions"}],"predecessor-version":[{"id":1521,"href":"https:\/\/biljana.photography\/en\/wp-json\/wp\/v2\/pages\/19\/revisions\/1521"}],"wp:attachment":[{"href":"https:\/\/biljana.photography\/en\/wp-json\/wp\/v2\/media?parent=19"}],"curies":[{"name":"wp","href":"https:\/\/api.w.org\/{rel}","templated":true}]}}