{"id":160,"date":"2019-11-01T14:02:01","date_gmt":"2019-11-01T13:02:01","guid":{"rendered":"http:\/\/biljana.photography\/?page_id=160"},"modified":"2022-08-30T20:21:38","modified_gmt":"2022-08-30T18:21:38","slug":"portfolio","status":"publish","type":"page","link":"https:\/\/biljana.photography\/en\/portfolio\/","title":{"rendered":"Portfolio"},"content":{"rendered":"<div class=\"coblocks-gallery--item\"><span style=\"color: #8f8e8f; font-size: 2.25rem;\">Explore Serbia<\/span><\/div>\r\n<div class=\"coblocks-gallery--item\">Za organizaciju <a style=\"background-color: #ffffff;\" href=\"https:\/\/explore-serbia.rs\/\" target=\"_blank\" rel=\"noopener\">Explore Serbia<\/a> sam \u010desto anga\u017eovana, gde pored vo\u0111enja pe\u0161a\u010dkih tura, \u010desto fotografi\u0161em i na drugim aktivnostima. Bilo da se radi o pe\u0161a\u010dkim, planinarskom, kajak, rafting, via ferrata turama ili obilascima, sa zadovoljstvom sara\u0111ujemo.<\/div>\r\n<div class=\"coblocks-gallery--item\">\r\n<div>\r\n<div><img decoding=\"async\" class=\"aligncenter wp-image-777 size-large\" src=\"http:\/\/biljana.photography\/wp-content\/uploads\/2020\/01\/Tara-1024x768.jpg\" alt=\"\" width=\"688\" height=\"516\"><\/div>\r\n<\/div>\r\n<div>&nbsp;<\/div>\r\n<div class=\"coblocks-gallery--item\"><span style=\"color: #1985a1; font-size: 1.5rem; letter-spacing: 1.2px; text-transform: uppercase; font-family: inherit;\">VO\u0110ENJE PLANINARSKIH TURA<\/span><\/div>\r\n<div class=\"coblocks-gallery--item\"><span style=\"color: #8f8e8f; font-size: 2.25rem;\">Fru\u0161ka gora, Rtanj, kanjon Nere&#8230;<\/span><\/div>\r\n<\/div>\r\n<div>Posedujem licencu sportskog planinarskog vodi\u010da Planinarskog saveza Srbije, MB 795. Moje omiljene destinacije u Srbiji su Fru\u0161ka gora i Rtanj. Sa zadovoljstvom \u0107u vam pokazati skrivene kutke na Fru\u0161koj gori.&nbsp;<\/div>\r\n<div><img decoding=\"async\" class=\"wp-image-1335 size-large aligncenter\" src=\"http:\/\/biljana.photography\/wp-content\/uploads\/2022\/08\/DSCN1338-2-1024x768.jpg\" alt=\"Fru\u0161ka gora pe\u0161a\u010dke ture\" width=\"688\" height=\"516\" srcset=\"https:\/\/biljana.photography\/wp-content\/uploads\/2022\/08\/DSCN1338-2-1024x768.jpg 1024w, https:\/\/biljana.photography\/wp-content\/uploads\/2022\/08\/DSCN1338-2-300x225.jpg 300w, https:\/\/biljana.photography\/wp-content\/uploads\/2022\/08\/DSCN1338-2-768x576.jpg 768w, https:\/\/biljana.photography\/wp-content\/uploads\/2022\/08\/DSCN1338-2-1536x1152.jpg 1536w, https:\/\/biljana.photography\/wp-content\/uploads\/2022\/08\/DSCN1338-2-2048x1536.jpg 2048w, https:\/\/biljana.photography\/wp-content\/uploads\/2022\/08\/DSCN1338-2-16x12.jpg 16w, https:\/\/biljana.photography\/wp-content\/uploads\/2022\/08\/DSCN1338-2-1600x1200.jpg 1600w\" sizes=\"(max-width: 688px) 100vw, 688px\" \/><\/div>\r\n<div>&nbsp;<\/div>\r\n<div class=\"coblocks-gallery--item\"><span style=\"color: #1985a1; font-size: 1.5rem; letter-spacing: 1.2px; text-transform: uppercase; font-family: inherit;\">RU\u010cNI RADOVI\/nakit, oslikavanje kamenja, origami<\/span><\/div>\r\n<div class=\"coblocks-gallery--item\"><span style=\"color: #8f8e8f; font-size: 2.25rem;\">Unikati Taca<\/span><\/div>\r\n<div>Ru\u010dni rad mi je oduvek bila strast. U slobodno vreme bavim se izradom nakita, origamijem, oslikavanjem kamenja, \u0161to mi pri\u010dinjava posebnu radost. Inspiraciju nalazim \u010desto u prirodi, kao i ljudima koji me okru\u017euju. Svaki komad koji napravim je unikatan i jedinstven, pravljen sa ljubavlju i pa\u017enjom.&nbsp;<\/div>\r\n<div>&nbsp;<\/div>\r\n<div><img decoding=\"async\" class=\"wp-image-1327 size-large aligncenter\" src=\"http:\/\/biljana.photography\/wp-content\/uploads\/2022\/08\/mace-kamenje-1-1024x675.png\" alt=\"oslikavanje kamenja ru\u010dni rad Unikati taca\" width=\"688\" height=\"454\" srcset=\"https:\/\/biljana.photography\/wp-content\/uploads\/2022\/08\/mace-kamenje-1-1024x675.png 1024w, https:\/\/biljana.photography\/wp-content\/uploads\/2022\/08\/mace-kamenje-1-300x198.png 300w, https:\/\/biljana.photography\/wp-content\/uploads\/2022\/08\/mace-kamenje-1-768x506.png 768w, https:\/\/biljana.photography\/wp-content\/uploads\/2022\/08\/mace-kamenje-1-18x12.png 18w, https:\/\/biljana.photography\/wp-content\/uploads\/2022\/08\/mace-kamenje-1.png 1439w\" sizes=\"(max-width: 688px) 100vw, 688px\" \/><\/div>\r\n<!-- \/wp:post-content -->","protected":false},"excerpt":{"rendered":"<p>Explore Serbia Za organizaciju Explore Serbia sam \u010desto anga\u017eovana, gde pored vo\u0111enja pe\u0161a\u010dkih tura, \u010desto fotografi\u0161em i na drugim aktivnostima.&hellip;<\/p>","protected":false},"author":1,"featured_media":0,"parent":0,"menu_order":0,"comment_status":"closed","ping_status":"closed","template":"","meta":{"_monsterinsights_skip_tracking":false,"_monsterinsights_sitenote_active":false,"_monsterinsights_sitenote_note":"","_monsterinsights_sitenote_category":0,"ngg_post_thumbnail":0,"footnotes":""},"class_list":["post-160","page","type-page","status-publish","hentry"],"_links":{"self":[{"href":"https:\/\/biljana.photography\/en\/wp-json\/wp\/v2\/pages\/160","targetHints":{"allow":["GET"]}}],"collection":[{"href":"https:\/\/biljana.photography\/en\/wp-json\/wp\/v2\/pages"}],"about":[{"href":"https:\/\/biljana.photography\/en\/wp-json\/wp\/v2\/types\/page"}],"author":[{"embeddable":true,"href":"https:\/\/biljana.photography\/en\/wp-json\/wp\/v2\/users\/1"}],"replies":[{"embeddable":true,"href":"https:\/\/biljana.photography\/en\/wp-json\/wp\/v2\/comments?post=160"}],"version-history":[{"count":17,"href":"https:\/\/biljana.photography\/en\/wp-json\/wp\/v2\/pages\/160\/revisions"}],"predecessor-version":[{"id":1341,"href":"https:\/\/biljana.photography\/en\/wp-json\/wp\/v2\/pages\/160\/revisions\/1341"}],"wp:attachment":[{"href":"https:\/\/biljana.photography\/en\/wp-json\/wp\/v2\/media?parent=160"}],"curies":[{"name":"wp","href":"https:\/\/api.w.org\/{rel}","templated":true}]}}