{"id":156,"date":"2019-11-01T14:02:01","date_gmt":"2019-11-01T13:02:01","guid":{"rendered":"http:\/\/biljana.photography\/?page_id=156"},"modified":"2026-02-03T19:47:22","modified_gmt":"2026-02-03T18:47:22","slug":"home","status":"publish","type":"page","link":"https:\/\/biljana.photography\/en\/","title":{"rendered":"Home"},"content":{"rendered":"<div class=\"wp-block-columns has-3-columns is-services is-layout-flex wp-container-core-columns-is-layout-9d6595d7 wp-block-columns-is-layout-flex\">\n<div class=\"wp-block-column is-layout-flow wp-block-column-is-layout-flow\">\n<figure class=\"wp-block-image\"><img decoding=\"async\" src=\"http:\/\/biljana.photography\/wp-content\/uploads\/2020\/01\/Rtanj-e1578134656465.jpg\" alt=\"\"\/><\/figure>\n\n\n\n<h3 class=\"wp-block-heading\"><a href=\"#\">FOTOGRAFIJE TURISTI\u010cKIH DESTINACIJA<\/a><\/h3>\n\n\n\n<p>Avanture u prirodi, fotografije pejza\u017ea, sme\u0161tajnih kapaciteta. Kako biste privukli \u0161to vi\u0161e posetilaca, putem dobrih fotografija, isporomovi\u0161ite va\u0161u destinaciju ili objekat na pravi na\u010din.<\/p>\n<\/div>\n\n\n\n<div class=\"wp-block-column is-layout-flow wp-block-column-is-layout-flow\">\n<figure class=\"wp-block-image size-large\"><img decoding=\"async\" width=\"1024\" height=\"768\" src=\"https:\/\/biljana.photography\/wp-content\/uploads\/2020\/01\/\u010daj-1024x768.jpg\" alt=\"Fotografske usluge Biljana Novakovi\u0107\" class=\"wp-image-730\" srcset=\"https:\/\/biljana.photography\/wp-content\/uploads\/2020\/01\/\u010daj-1024x768.jpg 1024w, https:\/\/biljana.photography\/wp-content\/uploads\/2020\/01\/\u010daj-300x225.jpg 300w, https:\/\/biljana.photography\/wp-content\/uploads\/2020\/01\/\u010daj-768x576.jpg 768w, https:\/\/biljana.photography\/wp-content\/uploads\/2020\/01\/\u010daj.jpg 1500w\" sizes=\"(max-width: 1024px) 100vw, 1024px\" \/><\/figure>\n\n\n\n<h3 class=\"wp-block-heading\"><a href=\"#\">FOTOGRAFIJE PROIZVODA ZA ONLINE PRODAJU<\/a><\/h3>\n\n\n\n<p>Fotografije proizvoda su va\u017ean aspekt za pobolj\u0161anje va\u0161eg poslovanja i prodaje. Dobre fotografije mogu pomoc\u0301i va\u0161im kupcima da znaju koju vrstu proizvoda i usluga nudite.<\/p>\n<\/div>\n\n\n\n<div class=\"wp-block-column is-layout-flow wp-block-column-is-layout-flow\">\n<figure class=\"wp-block-gallery has-nested-images columns-default is-cropped wp-block-gallery-1 is-layout-flex wp-block-gallery-is-layout-flex\">\n<figure class=\"wp-block-image size-large\"><img decoding=\"async\" width=\"1024\" height=\"768\" data-id=\"1243\" src=\"https:\/\/biljana.photography\/wp-content\/uploads\/2021\/09\/GARFILD-1024x768.jpg\" alt=\"\" class=\"wp-image-1243\" srcset=\"https:\/\/biljana.photography\/wp-content\/uploads\/2021\/09\/GARFILD-1024x768.jpg 1024w, https:\/\/biljana.photography\/wp-content\/uploads\/2021\/09\/GARFILD-300x225.jpg 300w, https:\/\/biljana.photography\/wp-content\/uploads\/2021\/09\/GARFILD-768x576.jpg 768w, https:\/\/biljana.photography\/wp-content\/uploads\/2021\/09\/GARFILD-1536x1152.jpg 1536w, https:\/\/biljana.photography\/wp-content\/uploads\/2021\/09\/GARFILD-16x12.jpg 16w, https:\/\/biljana.photography\/wp-content\/uploads\/2021\/09\/GARFILD-1600x1200.jpg 1600w, https:\/\/biljana.photography\/wp-content\/uploads\/2021\/09\/GARFILD.jpg 2048w\" sizes=\"(max-width: 1024px) 100vw, 1024px\" \/><\/figure>\n<\/figure>\n\n\n\n<h3 class=\"wp-block-heading\"><a href=\"#\"><strong>FOTOGRAFIJE SPONTANIH TRENUTAKA<\/strong><\/a><\/h3>\n\n\n\n<p>\u017delite fotografije va\u0161ih ku\u0107nih ljubimaca ili spontanih trenutaka sa va\u0161ih doga\u0111aja? Mnogi ka\u017eu da su takve, spontane fotografije najbolje jer se tako najbolje vide ose\u0107anja, dodiri i ljubav.&nbsp;<\/p>\n<\/div>\n<\/div>\n\n\n<h2><strong><span style=\"color: #000000;\">Dobra fotografija je retko slu\u010dajnost ili proizvod skupocenih kamera.<\/span><\/strong><\/h2>\n<h3><!-- \/wp:post-content --><\/h3>\n<p><!-- wp:paragraph --><\/p>\n<p>Do tehni\u010dki doteranih fotografija, nije te\u0161ko do\u0107i. Me\u0111utim, da bi se napravila fotografija koja se svojim kvalitetima razlikuje od bezbroj sli\u010dnih, potrebno je ne\u0161to drugo. Bitan je talenat, li\u010dno gledanje autora, iskustvo i emocionalni \u017eivot.<\/p>\n<p>U okolini sa bezbroj detalja, potrebno je raspoznati ono \u0161to je klju\u010dno za neki doga\u0111aj, formu ili lik. Kada fotografi\u0161em, ne \u017eurim i dobro posmatram. Posmartanje je osnova za fotografsko izra\u017eavanje i garancija da \u0107u uhvatiti pravi trenutak.&nbsp;<\/p>\n<p><strong>Uspela fotografija za mene kao autora je, da oku posmatra\u010da prika\u017eem ono \u0161to \u017eelim.<\/strong><\/p>\n<p><img decoding=\"async\" class=\"alignnone wp-image-477 size-full\" src=\"http:\/\/biljana.photography\/wp-content\/uploads\/2019\/12\/Plitvice-e1575889833550.jpg\" alt=\"Biljana photography\" width=\"1300\" height=\"975\"><\/p>\n<p>Pored prirode i aktivnosti u prirodi, fotografi\u0161em i razne druge detalje, kao \u0161to su: enterijeri i eksterijeri, umetni\u010dki i proizvodni predmeti, ku\u0107ni ljubimci.<\/p>","protected":false},"excerpt":{"rendered":"<p>FOTOGRAFIJE TURISTI\u010cKIH DESTINACIJA Avanture u prirodi, fotografije pejza\u017ea, sme\u0161tajnih kapaciteta. Kako biste privukli \u0161to vi\u0161e posetilaca, putem dobrih fotografija, isporomovi\u0161ite&hellip;<\/p>","protected":false},"author":1,"featured_media":0,"parent":0,"menu_order":0,"comment_status":"closed","ping_status":"closed","template":"","meta":{"_monsterinsights_skip_tracking":false,"_monsterinsights_sitenote_active":false,"_monsterinsights_sitenote_note":"","_monsterinsights_sitenote_category":0,"ngg_post_thumbnail":0,"footnotes":""},"class_list":["post-156","page","type-page","status-publish","hentry"],"_links":{"self":[{"href":"https:\/\/biljana.photography\/en\/wp-json\/wp\/v2\/pages\/156","targetHints":{"allow":["GET"]}}],"collection":[{"href":"https:\/\/biljana.photography\/en\/wp-json\/wp\/v2\/pages"}],"about":[{"href":"https:\/\/biljana.photography\/en\/wp-json\/wp\/v2\/types\/page"}],"author":[{"embeddable":true,"href":"https:\/\/biljana.photography\/en\/wp-json\/wp\/v2\/users\/1"}],"replies":[{"embeddable":true,"href":"https:\/\/biljana.photography\/en\/wp-json\/wp\/v2\/comments?post=156"}],"version-history":[{"count":18,"href":"https:\/\/biljana.photography\/en\/wp-json\/wp\/v2\/pages\/156\/revisions"}],"predecessor-version":[{"id":1526,"href":"https:\/\/biljana.photography\/en\/wp-json\/wp\/v2\/pages\/156\/revisions\/1526"}],"wp:attachment":[{"href":"https:\/\/biljana.photography\/en\/wp-json\/wp\/v2\/media?parent=156"}],"curies":[{"name":"wp","href":"https:\/\/api.w.org\/{rel}","templated":true}]}}