{"id":466,"date":"2019-11-19T19:44:16","date_gmt":"2019-11-19T18:44:16","guid":{"rendered":"http:\/\/biljana.photography\/?page_id=466"},"modified":"2019-11-19T19:44:16","modified_gmt":"2019-11-19T18:44:16","slug":"politika-privatnosti","status":"publish","type":"page","link":"http:\/\/biljana.photography\/en\/politika-privatnosti\/","title":{"rendered":"Politika privatnosti"},"content":{"rendered":"<p>Zadr\u017eavamo pravo da prilikom pretrage pojedinih internet stranica ovog Sajta prikupljamo odre\u0111ene li\u010dne podatke da bismo ispunili va\u0161e zahteve. Svako prikupljanje takvih podataka bi\u0107e sprovedeno u skladu sa&nbsp;politikom privatnosti, kao i va\u017ee\u0107im propisima o za\u0161titi podataka o li\u010dnosti.<\/p>\n<p>Urednici Sajta ozbiljno shvataju privatnost Va\u0161ih podataka. Ako koristite ovaj Sajt to zna\u010di da pristajete da se Va\u0161i podaci prikupljaju, koriste i otkrivaju u skladu sa ovom politikom privatnosti i da ste saglasni sa njenim obavezuju\u0107im karakterom.<\/p>\n<p><strong>Informacije koje dobijamo od vas<\/strong><\/p>\n<p>Posetom ovog Sajta ne morate otkrivati bilo kakve informacije o sebi. Na pojednim stranicama Sajta, tra\u017eimo li\u010dne informacije o Vama kako bismo omogu\u0107ili ostvarivanje odre\u0111enih usluga. Informacije koje dobijemo od Vas mogu uklju\u010divati Va\u0161e ime i prezime, adresu, brojeve telefona ili e-mail adresu. Od Vas nikada ne\u0107emo tra\u017eiti dodatne informacije koje nisu neophodne da biste dobili uslugu koju ste zatra\u017eili. Informacije dobijamo putem online formulara i kada nam po\u0161aljete Va\u0161e podatke putem e-maila.<\/p>\n<p><strong>Upotreba prikupljenih podataka<\/strong><\/p>\n<p>Informacije se tako\u0111e prikupljaju i onda kada ih Vi aktivno ne dostavite tj. pomo\u0107u razli\u010ditih tehnologija i metoda kao \u0161to su IP adrese i domeni. Na ovaj na\u010din ne prikupljaju se, niti se \u010duvaju li\u010dni podaci.<\/p>\n<p>Informacije o imenima domena do kojih do\u0111emo ne koristimo kako bismo Vas li\u010dno identifikovali, ve\u0107 da bi na osnovu tih i drugih informacija izmerili broj poseta internet sajtu, prose\u010dno vreme provedeno na internet sajtu, pregledane stranice itd. Ove informacije \u0107emo koristiti isklju\u010divo da bismo izmerili frekvenciju pose\u0107ivanja na\u0161eg internet sajta i unapre\u0111enja sadr\u017eaja.<\/p>\n<p><strong>Otkrivanje prikupljenih podataka<\/strong><\/p>\n<p>Sve podatke koje nam dostavite ne\u0107emo otkrivati tre\u0107im licima, izuzev u slede\u0107im slu\u010dajevima:<\/p>\n<ul>\n<li>U slu\u010daju da imamo zakonsku obavezu \u2013 ako dobijemo sudski nalog ili za potrebe spre\u010davanja prevare ili drugih kriminalnih radnji<\/li>\n<\/ul>\n<p>Osim ako zakon ne nala\u017ee, ne\u0107emo ni na koji na\u010din u\u010diniti dostupnim niti distribuirati informacije o Vama koje nam pru\u017eite, bez va\u0161eg prethodnog odobrenja.<\/p>\n<p>Va\u0161e podatke tako\u0111e ne\u0107emo preprodavati tre\u0107im licima, niti ih koristiti za marketing tre\u0107ih lica.<\/p>\n<p><strong>Maloletni korisnici<\/strong><\/p>\n<p>Ukoliko ste maloletni, neophodno je da dobijete dozvolu svojih roditelja ili staratelja pre nego \u0161to nam date informacije o sebi. Maloletnim korisnicima koji nemaju ovakvo odobrenje nije dozvoljeno da nam daju li\u010dne informacije.<\/p>\n<p><strong>Drugi internat sajtovi<\/strong><\/p>\n<p>Na na\u0161em sajtu mo\u017eete na\u0107i veze ka drugim internet sajtovima, za koje ne va\u017ei ova Politika privatnosti.<\/p>\n<p>Ukoliko pristupite drugim internet sajtovima koriste\u0107i date linkove, operateri ovih internet sajtova mogu tra\u017eiti informacije od Vas koje \u0107e koristiti u skladu sa svojim politikama za\u0161tite privatnosti, koje se mogu razlikovati od na\u0161e.<\/p>\n<p>Za politiku privatnosti drugih sajtova kojima ne upravljamo, ne mo\u017eemo da odgovaramo.<\/p>\n<p><strong>Izmene Politike privatnosti<\/strong><\/p>\n<p>Ukoliko bude bilo kakvih izmena Politike privatnosti, infomracije \u0107emo blagovremeno objaviti na sajtu.<\/p>","protected":false},"excerpt":{"rendered":"<p>Zadr\u017eavamo pravo da prilikom pretrage pojedinih internet stranica ovog Sajta prikupljamo odre\u0111ene li\u010dne podatke da bismo ispunili va\u0161e zahteve. Svako&hellip;<\/p>","protected":false},"author":1,"featured_media":0,"parent":0,"menu_order":0,"comment_status":"closed","ping_status":"closed","template":"","meta":{"_monsterinsights_skip_tracking":false,"_monsterinsights_sitenote_active":false,"_monsterinsights_sitenote_note":"","_monsterinsights_sitenote_category":0,"ngg_post_thumbnail":0,"footnotes":""},"class_list":["post-466","page","type-page","status-publish","hentry"],"_links":{"self":[{"href":"http:\/\/biljana.photography\/en\/wp-json\/wp\/v2\/pages\/466","targetHints":{"allow":["GET"]}}],"collection":[{"href":"http:\/\/biljana.photography\/en\/wp-json\/wp\/v2\/pages"}],"about":[{"href":"http:\/\/biljana.photography\/en\/wp-json\/wp\/v2\/types\/page"}],"author":[{"embeddable":true,"href":"http:\/\/biljana.photography\/en\/wp-json\/wp\/v2\/users\/1"}],"replies":[{"embeddable":true,"href":"http:\/\/biljana.photography\/en\/wp-json\/wp\/v2\/comments?post=466"}],"version-history":[{"count":1,"href":"http:\/\/biljana.photography\/en\/wp-json\/wp\/v2\/pages\/466\/revisions"}],"predecessor-version":[{"id":467,"href":"http:\/\/biljana.photography\/en\/wp-json\/wp\/v2\/pages\/466\/revisions\/467"}],"wp:attachment":[{"href":"http:\/\/biljana.photography\/en\/wp-json\/wp\/v2\/media?parent=466"}],"curies":[{"name":"wp","href":"https:\/\/api.w.org\/{rel}","templated":true}]}}