{"id":464,"date":"2019-11-19T19:23:23","date_gmt":"2019-11-19T18:23:23","guid":{"rendered":"http:\/\/biljana.photography\/?page_id=464"},"modified":"2019-11-19T19:24:29","modified_gmt":"2019-11-19T18:24:29","slug":"uslovi-koriscenja-sajta","status":"publish","type":"page","link":"http:\/\/biljana.photography\/en\/uslovi-koriscenja-sajta\/","title":{"rendered":"Uslovi kori\u0161\u0107enja sajta"},"content":{"rendered":"<p>Hvala \u0161to ste posetili Internet sajt <a href=\"http:\/\/biljana.photography\/en\/\">www.biljana.photography<\/a>. Va\u0161 pristup, kao i kori\u0161\u0107enje ovog internet sajta (u daljem tekstu: Sajt) podle\u017ee ovim uslovima kori\u0161\u0107enja i va\u017ee\u0107im zakonskim propisima koji ure\u0111uju ovu oblast.<\/p>\n<p><strong>UPOTREBA INTERNET SAJTA<\/strong><\/p>\n<p>Upotrebom Sajta potvr\u0111ujete da ste pro\u010ditali, razumeli i prihvatili uslove kori\u0161\u0107enja i sla\u017eete se da ste obavezni da ih po\u0161tujete, kao i sve druge primenljive zakone i propise. Ukoliko ne prihvatate ove uslove, molimo vas da ne koristite ovaj internet sajt.<\/p>\n<p><strong>VLASNI\u0160TVO SADR\u017dAJA<\/strong><\/p>\n<p>Sajt je vlasni\u0161tvo Biljane Novakovi\u0107.<\/p>\n<p>Internet sajt i svi tekstovi, logotipi, grafika, slike, audio, video materijal i ostali materijal na ovom internet sajtu (u daljem tekstu: Sadr\u017eaj), jesu autorsko pravo ili vlasni\u0161tvo Biljane Novakovi\u0107, ili su na internet sajt postavljeni drugi sadr\u017eaji uz dozvolu vlasnika ili ovla\u0161\u0107enog nosioca prava.<\/p>\n<p><strong>Upotreba sadr\u017eaja sajta<\/strong><\/p>\n<p>Sva Sadr\u017eaji sa Sajta se ne smeju menjati na bilo koji na\u010din, reprodukovati ili javno prikazivati ili distribuirati, odnosno na drugi na\u010din koristiti u javne ili komercijalne svrhe, bez dozvole vlasnika sajta. Materijali na ovom sajtu za\u0161ti\u0107eni su autorskim pravima i svako neovla\u0161\u0107eno kori\u0161\u0107enje mo\u017ee predstavljati kr\u0161enje Zakona o autorskim i srodnim pravima, Zakona o \u017eigu ili drugih zakona iz oblasti intelektualne svojine.<\/p>\n<p>Ukoliko prekr\u0161ite bilo koji od uslova kori\u0161enja sajta, va\u0161a dozvola za upotrebu sajta \u0107e biti povu\u010dena i bi\u0107ete obavezni da odmah uni\u0161tite sve sadr\u017eaje koje ste preuzeli ili od\u0161tampali.<br \/>\nOsim ako je eksplicitno druga\u010dije nazna\u010deno ovde ili na nekoj drugoj stranici ovog sajta, ni\u0161ta ovde sadr\u017eano, bilo izri\u010dito, pre\u0107utno, odricanjem ili na drugi na\u010din, vam ne daje pravo da koristite bilo koji deo intelektualne svojine koju ste prona\u0161li na Sajtu.<\/p>\n<p>Za kori\u0161\u0107enje sadr\u017eaja za li\u010dne, nekomercijalne i informativne svrhe, neophodno je prvo dobiti saglasnost vlasnika sajta, pod uslovom da se zadr\u017ee sve napomene o autorskim pravima. Sadr\u017eaj se ne sme menjati i kopirati bez navo\u0111enja izvora informacija. Kada se preuzima sadr\u017eaj ili fotografija neophodno je navesti ime sajta i linkom ozna\u010diti ta\u010dnu stranicu sa koje je sadr\u017eaj preuzet.<\/p>\n<p><strong>Sadr\u017eaji na dru\u0161tvenim mre\u017eama<\/strong><\/p>\n<p>Sadr\u017eaji i informacije sa sajta mogu se deliti putem dru\u0161tvenih mre\u017ea, bez tra\u017eenja i dobijanja dozvole Udru\u017eenja \u201eIstra\u017ei Srbiju\u201c. Sadr\u017eaj se mo\u017ee deliti ili direktno sa sajta ili kopiranjem linka i postavljanjem na profil lica koje deli sadr\u017eaj.<\/p>\n<p><strong>Informacije<\/strong><\/p>\n<p>Na sajtu mo\u017eete na\u0107i linkove ka drugim sajtovima za \u010diji sadr\u017eaj nismo odgovorni, kao i za njihovu. politiku za\u0161tite privatnosti i odri\u010demo se bilo kakve odgovornosti ukoliko takvi sajtovi:<\/p>\n<p>&#8211; Imaju neprecizan, neta\u010dan ili neprikladan sadr\u017eaj<\/p>\n<p>&#8211; Nisu bezbedni, sadr\u017ee viruse iili druge \u0161tetne materijale<\/p>\n<p>&#8211; Sadr\u017ee klevete, vre\u0111aju<\/p>\n<p>&#8211; Povre\u0111uju pravo intelektualne svojine<\/p>\n<p>Urednici sajta ne mogu snositi odgovornost za eventualne gre\u0161ke prilikom unosa i ne mogu u potpunosti garantovati ta\u010dnost i potpunost podataka, tako da korisnici sajta preuzimaju sadr\u017eaje na sopstvenu odgovornost. Izmene na Sajtu se mogu raditi u bilo kom trenutku i bez obave\u0161tenja.<\/p>\n<p>Svi materijali, povratne informacije ili informacije druge vrste koje nam dostavite povodom ovog sajta, ne\u0107e biti smatrani za poverljive ili vlasni\u010dke.<\/p>\n<p>Zabranjeno je postavljati ili prenositi na Sajt bilo kakve protivzakonite, prete\u0107e, klevetni\u010dke, poni\u017eavaju\u0107e, pornografske ili druge materijale koji kr\u0161e bilo koje zakone.<\/p>\n<h3>Mere u slu\u010daju kr\u0161enja pravila i uslova kori\u0161\u0107enja:<\/h3>\n<ul>\n<li>Zabranjeno je preuzimanje sadr\u017eaja sajta u komercijalne svrhe. Za kori\u0161\u0107enje informacija u druge svrhe, neophodno je prvo dobiti saglasnost vlasnika sajta.<\/li>\n<li>Uslovi kori\u0161\u0107enja i upotreba ovog sajta podle\u017ee zakonima Republike Srbije.<br \/>\nUkoliko ste stanovnik druge zemlje, Uslovi kori\u0161\u0107enja i Va\u0161e kori\u0161\u0107enje sajta podle\u017ee zakonima Va\u0161e zemlje<\/li>\n<\/ul>\n<p><strong>Privatnost<\/strong><\/p>\n<p>Sajt zadr\u017eava pravo da prikuplja odre\u0111ene li\u010dne podatke prilikom pretrage pojedinih internet stranica ovog Sajta da bi ispunio va\u0161e zahteve. Svako prikupljanje takvih podataka bi\u0107e sprovedeno u skladu sa&nbsp;<strong>politikom privatnosti<\/strong>, kao i va\u017ee\u0107im propisima o za\u0161titi podataka o li\u010dnosti.<\/p>\n<p><strong>Izmena uslova kori\u0161\u0107enja<\/strong><\/p>\n<p>Urednici ovog Sajta mogu bilo kada, bez prethodne najave, izmeniti ili dopuniti uslove kori\u0161\u0107enja sajta a\u017euriranjem ovih uslova.<\/p>\n<p>Daljim kori\u0161\u0107enjem bilo kojih usluga sajta, saglasni ste da prihvatate sva naknadno objavljena pravila i uslove kori\u0161\u0107enja.<\/p>\n<p><strong>MAILING LISTA<\/strong><\/p>\n<p>E-mail adrese koje nam dostavite \u010duvaju u na\u0161oj bazi podataka. Na mailing listu prijava je dobrvoljna i svakog trenutka postoji mogu\u0107nost odjave. E-mail adrese su za\u0161ti\u0107ene, ne\u0107e se koristiti u druge svrhe, davati tre\u0107im licima niti zloupotrebljavati na neki drugi na\u010din<\/p>\n<p><strong>Izuze\u0107e od odgovornosti<\/strong><\/p>\n<p>Sajt koristite na sopstveni rizik. Nismo odgovorni za materijalnu ili nematerijalnu \u0161tetu, direktnu ili indirektnu koja nastane iz kori\u0161\u0107enja ili je u nekoj vezi sa kori\u0161\u0107enjem Sajta ili njegovog Sadr\u017eaja.<\/p>","protected":false},"excerpt":{"rendered":"<p>Hvala \u0161to ste posetili Internet sajt www.biljana.photography. Va\u0161 pristup, kao i kori\u0161\u0107enje ovog internet sajta (u daljem tekstu: Sajt) podle\u017ee&hellip;<\/p>","protected":false},"author":1,"featured_media":0,"parent":0,"menu_order":0,"comment_status":"closed","ping_status":"closed","template":"","meta":{"_monsterinsights_skip_tracking":false,"_monsterinsights_sitenote_active":false,"_monsterinsights_sitenote_note":"","_monsterinsights_sitenote_category":0,"ngg_post_thumbnail":0,"footnotes":""},"class_list":["post-464","page","type-page","status-publish","hentry"],"_links":{"self":[{"href":"http:\/\/biljana.photography\/en\/wp-json\/wp\/v2\/pages\/464","targetHints":{"allow":["GET"]}}],"collection":[{"href":"http:\/\/biljana.photography\/en\/wp-json\/wp\/v2\/pages"}],"about":[{"href":"http:\/\/biljana.photography\/en\/wp-json\/wp\/v2\/types\/page"}],"author":[{"embeddable":true,"href":"http:\/\/biljana.photography\/en\/wp-json\/wp\/v2\/users\/1"}],"replies":[{"embeddable":true,"href":"http:\/\/biljana.photography\/en\/wp-json\/wp\/v2\/comments?post=464"}],"version-history":[{"count":1,"href":"http:\/\/biljana.photography\/en\/wp-json\/wp\/v2\/pages\/464\/revisions"}],"predecessor-version":[{"id":465,"href":"http:\/\/biljana.photography\/en\/wp-json\/wp\/v2\/pages\/464\/revisions\/465"}],"wp:attachment":[{"href":"http:\/\/biljana.photography\/en\/wp-json\/wp\/v2\/media?parent=464"}],"curies":[{"name":"wp","href":"https:\/\/api.w.org\/{rel}","templated":true}]}}